{"id":3213,"date":"2026-01-30T03:08:11","date_gmt":"2026-01-30T03:08:11","guid":{"rendered":"https:\/\/hpsolutions.pro\/casos-de-exito\/"},"modified":"2026-04-28T11:18:11","modified_gmt":"2026-04-28T11:18:11","slug":"casos-de-exito","status":"publish","type":"page","link":"https:\/\/hpsolutions.pro\/es\/casos-de-exito\/","title":{"rendered":"Casos de \u00e9xito"},"content":{"rendered":"\t\t<div data-elementor-type=\"wp-page\" data-elementor-id=\"3213\" class=\"elementor elementor-3213 elementor-341\" data-elementor-post-type=\"page\">\n\t\t\t\t<div class=\"elementor-element elementor-element-8d17c97 e-flex e-con-boxed e-con e-parent\" data-id=\"8d17c97\" data-element_type=\"container\" data-e-type=\"container\">\n\t\t\t\t\t<div class=\"e-con-inner\">\n\t\t<div class=\"elementor-element elementor-element-40ca1a1 e-con-full e-flex e-con e-child\" data-id=\"40ca1a1\" data-element_type=\"container\" data-e-type=\"container\">\n\t\t\t\t<div class=\"elementor-element elementor-element-92aa3c9 elementor-widget elementor-widget-heading\" data-id=\"92aa3c9\" data-element_type=\"widget\" data-e-type=\"widget\" data-widget_type=\"heading.default\">\n\t\t\t\t\t<h1 class=\"elementor-heading-title elementor-size-default\">Casos de \u00e9xito<\/h1>\t\t\t\t<\/div>\n\t\t\t\t<div class=\"elementor-element elementor-element-dbc40ee elementor-widget elementor-widget-heading\" data-id=\"dbc40ee\" data-element_type=\"widget\" data-e-type=\"widget\" data-widget_type=\"heading.default\">\n\t\t\t\t\t<p class=\"elementor-heading-title elementor-size-default\">Conozca en detalle c\u00f3mo ayudamos a nuestros clientes a lograr resultados extraordinarios con nuestras soluciones de drones.\n\n<\/p>\t\t\t\t<\/div>\n\t\t\t\t<\/div>\n\t\t\t\t\t<\/div>\n\t\t\t\t<\/div>\n\t\t<div class=\"elementor-element elementor-element-b7dc697 e-grid e-con-boxed e-con e-parent\" data-id=\"b7dc697\" data-element_type=\"container\" data-e-type=\"container\">\n\t\t\t\t\t<div class=\"e-con-inner\">\n\t\t<div class=\"elementor-element elementor-element-e8bfc81 e-con-full e-flex e-con e-child\" data-id=\"e8bfc81\" data-element_type=\"container\" data-e-type=\"container\">\n\t\t\t\t<div class=\"elementor-element elementor-element-12c5a4f elementor-widget elementor-widget-image\" data-id=\"12c5a4f\" data-element_type=\"widget\" data-e-type=\"widget\" data-widget_type=\"image.default\">\n\t\t\t\t\t\t\t\t\t\t\t\t\t\t\t<img fetchpriority=\"high\" decoding=\"async\" width=\"800\" height=\"591\" src=\"https:\/\/hpsolutions.pro\/wp-content\/uploads\/2026\/01\/image-36-1-1024x757.png\" class=\"attachment-large size-large wp-image-3209\" alt=\"\" srcset=\"https:\/\/hpsolutions.pro\/wp-content\/uploads\/2026\/01\/image-36-1-1024x757.png 1024w, https:\/\/hpsolutions.pro\/wp-content\/uploads\/2026\/01\/image-36-1-300x222.png 300w, https:\/\/hpsolutions.pro\/wp-content\/uploads\/2026\/01\/image-36-1-768x567.png 768w, https:\/\/hpsolutions.pro\/wp-content\/uploads\/2026\/01\/image-36-1.png 1080w\" sizes=\"(max-width: 800px) 100vw, 800px\" \/>\t\t\t\t\t\t\t\t\t\t\t\t\t\t\t<\/div>\n\t\t\t\t<div class=\"elementor-element elementor-element-5df3774 elementor-widget__width-auto elementor-absolute elementor-widget elementor-widget-heading\" data-id=\"5df3774\" data-element_type=\"widget\" data-e-type=\"widget\" data-settings=\"{&quot;_position&quot;:&quot;absolute&quot;}\" data-widget_type=\"heading.default\">\n\t\t\t\t\t<span class=\"elementor-heading-title elementor-size-default\">Energ\u00eda<\/span>\t\t\t\t<\/div>\n\t\t<div class=\"elementor-element elementor-element-52e3163 e-con-full e-flex e-con e-child\" data-id=\"52e3163\" data-element_type=\"container\" data-e-type=\"container\">\n\t\t\t\t<div class=\"elementor-element elementor-element-527cfab elementor-widget elementor-widget-heading\" data-id=\"527cfab\" data-element_type=\"widget\" data-e-type=\"widget\" data-widget_type=\"heading.default\">\n\t\t\t\t\t<h4 class=\"elementor-heading-title elementor-size-default\">EDP<\/h4>\t\t\t\t<\/div>\n\t\t\t\t<div class=\"elementor-element elementor-element-79f1588 elementor-widget elementor-widget-heading\" data-id=\"79f1588\" data-element_type=\"widget\" data-e-type=\"widget\" data-widget_type=\"heading.default\">\n\t\t\t\t\t<h4 class=\"elementor-heading-title elementor-size-default\">Inspecci\u00f3n de l\u00edneas el\u00e9ctricas<\/h4>\t\t\t\t<\/div>\n\t\t\t\t<div class=\"elementor-element elementor-element-ae577b5 elementor-widget elementor-widget-text-editor\" data-id=\"ae577b5\" data-element_type=\"widget\" data-e-type=\"widget\" data-widget_type=\"text-editor.default\">\n\t\t\t\t\t\t\t\t\t<p>EDP se enfrentaba al reto de inspeccionar miles de kil\u00f3metros de l\u00edneas el\u00e9ctricas de distribuci\u00f3n de forma eficiente&#8230;<\/p>\t\t\t\t\t\t\t\t<\/div>\n\t\t\t\t<div class=\"elementor-element elementor-element-62030f0 elementor-widget elementor-widget-button\" data-id=\"62030f0\" data-element_type=\"widget\" data-e-type=\"widget\" data-widget_type=\"button.default\">\n\t\t\t\t\t\t\t\t\t\t<a class=\"elementor-button elementor-button-link elementor-size-sm\" href=\"https:\/\/hpsolutions.pro\/es\/casos-de-exito\/edp\/\">\n\t\t\t\t\t\t<span class=\"elementor-button-content-wrapper\">\n\t\t\t\t\t\t<span class=\"elementor-button-icon\">\n\t\t\t\t<svg aria-hidden=\"true\" class=\"e-font-icon-svg e-fas-long-arrow-alt-right\" viewBox=\"0 0 448 512\" xmlns=\"http:\/\/www.w3.org\/2000\/svg\"><path d=\"M313.941 216H12c-6.627 0-12 5.373-12 12v56c0 6.627 5.373 12 12 12h301.941v46.059c0 21.382 25.851 32.09 40.971 16.971l86.059-86.059c9.373-9.373 9.373-24.569 0-33.941l-86.059-86.059c-15.119-15.119-40.971-4.411-40.971 16.971V216z\"><\/path><\/svg>\t\t\t<\/span>\n\t\t\t\t\t\t\t\t\t<span class=\"elementor-button-text\">Ver caso completo<\/span>\n\t\t\t\t\t<\/span>\n\t\t\t\t\t<\/a>\n\t\t\t\t\t\t\t\t<\/div>\n\t\t\t\t<\/div>\n\t\t\t\t<\/div>\n\t\t<div class=\"elementor-element elementor-element-0ba8d3f e-con-full e-flex e-con e-child\" data-id=\"0ba8d3f\" data-element_type=\"container\" data-e-type=\"container\">\n\t\t\t\t<div class=\"elementor-element elementor-element-3868c1f elementor-widget elementor-widget-image\" data-id=\"3868c1f\" data-element_type=\"widget\" data-e-type=\"widget\" data-widget_type=\"image.default\">\n\t\t\t\t\t\t\t\t\t\t\t\t\t\t\t<img decoding=\"async\" width=\"800\" height=\"591\" src=\"https:\/\/hpsolutions.pro\/wp-content\/uploads\/2026\/01\/image-36-2-1024x757.png\" class=\"attachment-large size-large wp-image-3210\" alt=\"\" srcset=\"https:\/\/hpsolutions.pro\/wp-content\/uploads\/2026\/01\/image-36-2-1024x757.png 1024w, https:\/\/hpsolutions.pro\/wp-content\/uploads\/2026\/01\/image-36-2-300x222.png 300w, https:\/\/hpsolutions.pro\/wp-content\/uploads\/2026\/01\/image-36-2-768x567.png 768w, https:\/\/hpsolutions.pro\/wp-content\/uploads\/2026\/01\/image-36-2.png 1080w\" sizes=\"(max-width: 800px) 100vw, 800px\" \/>\t\t\t\t\t\t\t\t\t\t\t\t\t\t\t<\/div>\n\t\t\t\t<div class=\"elementor-element elementor-element-74f0688 elementor-widget__width-auto elementor-absolute elementor-widget elementor-widget-heading\" data-id=\"74f0688\" data-element_type=\"widget\" data-e-type=\"widget\" data-settings=\"{&quot;_position&quot;:&quot;absolute&quot;}\" data-widget_type=\"heading.default\">\n\t\t\t\t\t<span class=\"elementor-heading-title elementor-size-default\">Log\u00edstica<\/span>\t\t\t\t<\/div>\n\t\t<div class=\"elementor-element elementor-element-d6df3d3 e-con-full e-flex e-con e-child\" data-id=\"d6df3d3\" data-element_type=\"container\" data-e-type=\"container\">\n\t\t\t\t<div class=\"elementor-element elementor-element-9944d47 elementor-widget elementor-widget-heading\" data-id=\"9944d47\" data-element_type=\"widget\" data-e-type=\"widget\" data-widget_type=\"heading.default\">\n\t\t\t\t\t<h4 class=\"elementor-heading-title elementor-size-default\">Sugal Group<\/h4>\t\t\t\t<\/div>\n\t\t\t\t<div class=\"elementor-element elementor-element-19755ca elementor-widget elementor-widget-heading\" data-id=\"19755ca\" data-element_type=\"widget\" data-e-type=\"widget\" data-widget_type=\"heading.default\">\n\t\t\t\t\t<h4 class=\"elementor-heading-title elementor-size-default\">Recuento automatizado de stock<\/h4>\t\t\t\t<\/div>\n\t\t\t\t<div class=\"elementor-element elementor-element-eb5cd0d elementor-widget elementor-widget-text-editor\" data-id=\"eb5cd0d\" data-element_type=\"widget\" data-e-type=\"widget\" data-widget_type=\"text-editor.default\">\n\t\t\t\t\t\t\t\t\t<p>Sugal Group necesitaba una soluci\u00f3n innovadora para realizar el recuento de miles de pal\u00e9s almacenados en el exteri&#8230;<\/p>\t\t\t\t\t\t\t\t<\/div>\n\t\t\t\t<div class=\"elementor-element elementor-element-fb2d701 elementor-widget elementor-widget-button\" data-id=\"fb2d701\" data-element_type=\"widget\" data-e-type=\"widget\" data-widget_type=\"button.default\">\n\t\t\t\t\t\t\t\t\t\t<a class=\"elementor-button elementor-button-link elementor-size-sm\" href=\"https:\/\/hpsolutions.pro\/pt\/casos-de-sucesso\/sugal-group\/\">\n\t\t\t\t\t\t<span class=\"elementor-button-content-wrapper\">\n\t\t\t\t\t\t<span class=\"elementor-button-icon\">\n\t\t\t\t<svg aria-hidden=\"true\" class=\"e-font-icon-svg e-fas-long-arrow-alt-right\" viewBox=\"0 0 448 512\" xmlns=\"http:\/\/www.w3.org\/2000\/svg\"><path d=\"M313.941 216H12c-6.627 0-12 5.373-12 12v56c0 6.627 5.373 12 12 12h301.941v46.059c0 21.382 25.851 32.09 40.971 16.971l86.059-86.059c9.373-9.373 9.373-24.569 0-33.941l-86.059-86.059c-15.119-15.119-40.971-4.411-40.971 16.971V216z\"><\/path><\/svg>\t\t\t<\/span>\n\t\t\t\t\t\t\t\t\t<span class=\"elementor-button-text\">Ver caso completo<\/span>\n\t\t\t\t\t<\/span>\n\t\t\t\t\t<\/a>\n\t\t\t\t\t\t\t\t<\/div>\n\t\t\t\t<\/div>\n\t\t\t\t<\/div>\n\t\t<div class=\"elementor-element elementor-element-796a7f4 e-con-full e-flex e-con e-child\" data-id=\"796a7f4\" data-element_type=\"container\" data-e-type=\"container\">\n\t\t\t\t<div class=\"elementor-element elementor-element-5aef01e elementor-widget elementor-widget-image\" data-id=\"5aef01e\" data-element_type=\"widget\" data-e-type=\"widget\" data-widget_type=\"image.default\">\n\t\t\t\t\t\t\t\t\t\t\t\t\t\t\t<img decoding=\"async\" width=\"800\" height=\"591\" src=\"https:\/\/hpsolutions.pro\/wp-content\/uploads\/2026\/01\/image-36-3-1024x757.png\" class=\"attachment-large size-large wp-image-3211\" alt=\"\" srcset=\"https:\/\/hpsolutions.pro\/wp-content\/uploads\/2026\/01\/image-36-3-1024x757.png 1024w, https:\/\/hpsolutions.pro\/wp-content\/uploads\/2026\/01\/image-36-3-300x222.png 300w, https:\/\/hpsolutions.pro\/wp-content\/uploads\/2026\/01\/image-36-3-768x567.png 768w, https:\/\/hpsolutions.pro\/wp-content\/uploads\/2026\/01\/image-36-3.png 1080w\" sizes=\"(max-width: 800px) 100vw, 800px\" \/>\t\t\t\t\t\t\t\t\t\t\t\t\t\t\t<\/div>\n\t\t\t\t<div class=\"elementor-element elementor-element-eef6eb9 elementor-widget__width-auto elementor-absolute elementor-widget elementor-widget-heading\" data-id=\"eef6eb9\" data-element_type=\"widget\" data-e-type=\"widget\" data-settings=\"{&quot;_position&quot;:&quot;absolute&quot;}\" data-widget_type=\"heading.default\">\n\t\t\t\t\t<span class=\"elementor-heading-title elementor-size-default\">Energ\u00eda<\/span>\t\t\t\t<\/div>\n\t\t<div class=\"elementor-element elementor-element-f01ffe8 e-con-full e-flex e-con e-child\" data-id=\"f01ffe8\" data-element_type=\"container\" data-e-type=\"container\">\n\t\t\t\t<div class=\"elementor-element elementor-element-87da393 elementor-widget elementor-widget-heading\" data-id=\"87da393\" data-element_type=\"widget\" data-e-type=\"widget\" data-widget_type=\"heading.default\">\n\t\t\t\t\t<h4 class=\"elementor-heading-title elementor-size-default\">EDA - Electricidade dos A\u00e7ores<\/h4>\t\t\t\t<\/div>\n\t\t\t\t<div class=\"elementor-element elementor-element-24cb48a elementor-widget elementor-widget-heading\" data-id=\"24cb48a\" data-element_type=\"widget\" data-e-type=\"widget\" data-widget_type=\"heading.default\">\n\t\t\t\t\t<h4 class=\"elementor-heading-title elementor-size-default\">Inspecci\u00f3n de infraestructura el\u00e9ctrica en las Azores<\/h4>\t\t\t\t<\/div>\n\t\t\t\t<div class=\"elementor-element elementor-element-431edbc elementor-widget elementor-widget-text-editor\" data-id=\"431edbc\" data-element_type=\"widget\" data-e-type=\"widget\" data-widget_type=\"text-editor.default\">\n\t\t\t\t\t\t\t\t\t<p>EDA se enfrentaba a retos \u00fanicos en el mantenimiento de la red el\u00e9ctrica en las islas Azores, con terrenos accidentados y condi\u00e7\u00f5&#8230;<\/p>\t\t\t\t\t\t\t\t<\/div>\n\t\t\t\t<div class=\"elementor-element elementor-element-922e93e elementor-widget elementor-widget-button\" data-id=\"922e93e\" data-element_type=\"widget\" data-e-type=\"widget\" data-widget_type=\"button.default\">\n\t\t\t\t\t\t\t\t\t\t<a class=\"elementor-button elementor-button-link elementor-size-sm\" href=\"https:\/\/hpsolutions.pro\/pt\/casos-de-sucesso\/eda\/\">\n\t\t\t\t\t\t<span class=\"elementor-button-content-wrapper\">\n\t\t\t\t\t\t<span class=\"elementor-button-icon\">\n\t\t\t\t<svg aria-hidden=\"true\" class=\"e-font-icon-svg e-fas-long-arrow-alt-right\" viewBox=\"0 0 448 512\" xmlns=\"http:\/\/www.w3.org\/2000\/svg\"><path d=\"M313.941 216H12c-6.627 0-12 5.373-12 12v56c0 6.627 5.373 12 12 12h301.941v46.059c0 21.382 25.851 32.09 40.971 16.971l86.059-86.059c9.373-9.373 9.373-24.569 0-33.941l-86.059-86.059c-15.119-15.119-40.971-4.411-40.971 16.971V216z\"><\/path><\/svg>\t\t\t<\/span>\n\t\t\t\t\t\t\t\t\t<span class=\"elementor-button-text\">Ver caso completo<\/span>\n\t\t\t\t\t<\/span>\n\t\t\t\t\t<\/a>\n\t\t\t\t\t\t\t\t<\/div>\n\t\t\t\t<\/div>\n\t\t\t\t<\/div>\n\t\t<div class=\"elementor-element elementor-element-155c5ab e-con-full e-flex e-con e-child\" data-id=\"155c5ab\" data-element_type=\"container\" data-e-type=\"container\">\n\t\t\t\t<div class=\"elementor-element elementor-element-a717405 elementor-widget elementor-widget-image\" data-id=\"a717405\" data-element_type=\"widget\" data-e-type=\"widget\" data-widget_type=\"image.default\">\n\t\t\t\t\t\t\t\t\t\t\t\t\t\t\t<img loading=\"lazy\" decoding=\"async\" width=\"800\" height=\"591\" src=\"https:\/\/hpsolutions.pro\/wp-content\/uploads\/2026\/01\/image-36-5-1024x757.png\" class=\"attachment-large size-large wp-image-3168\" alt=\"\" srcset=\"https:\/\/hpsolutions.pro\/wp-content\/uploads\/2026\/01\/image-36-5-1024x757.png 1024w, https:\/\/hpsolutions.pro\/wp-content\/uploads\/2026\/01\/image-36-5-300x222.png 300w, https:\/\/hpsolutions.pro\/wp-content\/uploads\/2026\/01\/image-36-5-768x567.png 768w, https:\/\/hpsolutions.pro\/wp-content\/uploads\/2026\/01\/image-36-5.png 1080w\" sizes=\"(max-width: 800px) 100vw, 800px\" \/>\t\t\t\t\t\t\t\t\t\t\t\t\t\t\t<\/div>\n\t\t\t\t<div class=\"elementor-element elementor-element-3f16751 elementor-widget__width-auto elementor-absolute elementor-widget elementor-widget-heading\" data-id=\"3f16751\" data-element_type=\"widget\" data-e-type=\"widget\" data-settings=\"{&quot;_position&quot;:&quot;absolute&quot;}\" data-widget_type=\"heading.default\">\n\t\t\t\t\t<span class=\"elementor-heading-title elementor-size-default\">Infraestructura<\/span>\t\t\t\t<\/div>\n\t\t<div class=\"elementor-element elementor-element-c56834b e-con-full e-flex e-con e-child\" data-id=\"c56834b\" data-element_type=\"container\" data-e-type=\"container\">\n\t\t\t\t<div class=\"elementor-element elementor-element-a0036ab elementor-widget elementor-widget-heading\" data-id=\"a0036ab\" data-element_type=\"widget\" data-e-type=\"widget\" data-widget_type=\"heading.default\">\n\t\t\t\t\t<h4 class=\"elementor-heading-title elementor-size-default\">Brisa<\/h4>\t\t\t\t<\/div>\n\t\t\t\t<div class=\"elementor-element elementor-element-0493bec elementor-widget elementor-widget-heading\" data-id=\"0493bec\" data-element_type=\"widget\" data-e-type=\"widget\" data-widget_type=\"heading.default\">\n\t\t\t\t\t<h4 class=\"elementor-heading-title elementor-size-default\">Inspecci\u00f3n y monitorizaci\u00f3n de autopistas<\/h4>\t\t\t\t<\/div>\n\t\t\t\t<div class=\"elementor-element elementor-element-bf5a7a3 elementor-widget elementor-widget-text-editor\" data-id=\"bf5a7a3\" data-element_type=\"widget\" data-e-type=\"widget\" data-widget_type=\"text-editor.default\">\n\t\t\t\t\t\t\t\t\t<p>Brisa buscaba una soluci\u00f3n innovadora para la inspecci\u00f3n y monitorizaci\u00f3n de la infraestructura de las autopistas. HPSOLUTIONS&#8230; <\/p>\t\t\t\t\t\t\t\t<\/div>\n\t\t\t\t<div class=\"elementor-element elementor-element-440f77f elementor-widget elementor-widget-button\" data-id=\"440f77f\" data-element_type=\"widget\" data-e-type=\"widget\" data-widget_type=\"button.default\">\n\t\t\t\t\t\t\t\t\t\t<a class=\"elementor-button elementor-button-link elementor-size-sm\" href=\"https:\/\/hpsolutions.pro\/pt\/casos-de-sucesso\/brisa\/\">\n\t\t\t\t\t\t<span class=\"elementor-button-content-wrapper\">\n\t\t\t\t\t\t<span class=\"elementor-button-icon\">\n\t\t\t\t<svg aria-hidden=\"true\" class=\"e-font-icon-svg e-fas-long-arrow-alt-right\" viewBox=\"0 0 448 512\" xmlns=\"http:\/\/www.w3.org\/2000\/svg\"><path d=\"M313.941 216H12c-6.627 0-12 5.373-12 12v56c0 6.627 5.373 12 12 12h301.941v46.059c0 21.382 25.851 32.09 40.971 16.971l86.059-86.059c9.373-9.373 9.373-24.569 0-33.941l-86.059-86.059c-15.119-15.119-40.971-4.411-40.971 16.971V216z\"><\/path><\/svg>\t\t\t<\/span>\n\t\t\t\t\t\t\t\t\t<span class=\"elementor-button-text\">Ver caso completo<\/span>\n\t\t\t\t\t<\/span>\n\t\t\t\t\t<\/a>\n\t\t\t\t\t\t\t\t<\/div>\n\t\t\t\t<\/div>\n\t\t\t\t<\/div>\n\t\t<div class=\"elementor-element elementor-element-ad8110a e-con-full e-flex e-con e-child\" data-id=\"ad8110a\" data-element_type=\"container\" data-e-type=\"container\">\n\t\t\t\t<div class=\"elementor-element elementor-element-fa9e502 elementor-widget elementor-widget-image\" data-id=\"fa9e502\" data-element_type=\"widget\" data-e-type=\"widget\" data-widget_type=\"image.default\">\n\t\t\t\t\t\t\t\t\t\t\t\t\t\t\t<img loading=\"lazy\" decoding=\"async\" width=\"800\" height=\"591\" src=\"https:\/\/hpsolutions.pro\/wp-content\/uploads\/2026\/01\/image-36-6-1024x757.png\" class=\"attachment-large size-large wp-image-3212\" alt=\"\" srcset=\"https:\/\/hpsolutions.pro\/wp-content\/uploads\/2026\/01\/image-36-6-1024x757.png 1024w, https:\/\/hpsolutions.pro\/wp-content\/uploads\/2026\/01\/image-36-6-300x222.png 300w, https:\/\/hpsolutions.pro\/wp-content\/uploads\/2026\/01\/image-36-6-768x567.png 768w, https:\/\/hpsolutions.pro\/wp-content\/uploads\/2026\/01\/image-36-6.png 1080w\" sizes=\"(max-width: 800px) 100vw, 800px\" \/>\t\t\t\t\t\t\t\t\t\t\t\t\t\t\t<\/div>\n\t\t\t\t<div class=\"elementor-element elementor-element-384a0cd elementor-widget__width-auto elementor-absolute elementor-widget elementor-widget-heading\" data-id=\"384a0cd\" data-element_type=\"widget\" data-e-type=\"widget\" data-settings=\"{&quot;_position&quot;:&quot;absolute&quot;}\" data-widget_type=\"heading.default\">\n\t\t\t\t\t<span class=\"elementor-heading-title elementor-size-default\">Log\u00edstica<\/span>\t\t\t\t<\/div>\n\t\t<div class=\"elementor-element elementor-element-6f937f5 e-con-full e-flex e-con e-child\" data-id=\"6f937f5\" data-element_type=\"container\" data-e-type=\"container\">\n\t\t\t\t<div class=\"elementor-element elementor-element-674e4e6 elementor-widget elementor-widget-heading\" data-id=\"674e4e6\" data-element_type=\"widget\" data-e-type=\"widget\" data-widget_type=\"heading.default\">\n\t\t\t\t\t<h4 class=\"elementor-heading-title elementor-size-default\">Kagome<\/h4>\t\t\t\t<\/div>\n\t\t\t\t<div class=\"elementor-element elementor-element-bfadbb6 elementor-widget elementor-widget-heading\" data-id=\"bfadbb6\" data-element_type=\"widget\" data-e-type=\"widget\" data-widget_type=\"heading.default\">\n\t\t\t\t\t<h4 class=\"elementor-heading-title elementor-size-default\">Gesti\u00f3n de inventario automatizada<\/h4>\t\t\t\t<\/div>\n\t\t\t\t<div class=\"elementor-element elementor-element-e3c2227 elementor-widget elementor-widget-text-editor\" data-id=\"e3c2227\" data-element_type=\"widget\" data-e-type=\"widget\" data-widget_type=\"text-editor.default\">\n\t\t\t\t\t\t\t\t\t<p>Kagome, empresa l\u00edder en la industria alimentaria, necesitaba optimizar la gesti\u00f3n de inventario en sus amplios almacenes&#8230;<\/p>\t\t\t\t\t\t\t\t<\/div>\n\t\t\t\t<div class=\"elementor-element elementor-element-833383b elementor-widget elementor-widget-button\" data-id=\"833383b\" data-element_type=\"widget\" data-e-type=\"widget\" data-widget_type=\"button.default\">\n\t\t\t\t\t\t\t\t\t\t<a class=\"elementor-button elementor-button-link elementor-size-sm\" href=\"https:\/\/hpsolutions.pro\/pt\/casos-de-sucesso\/kagome\/\">\n\t\t\t\t\t\t<span class=\"elementor-button-content-wrapper\">\n\t\t\t\t\t\t<span class=\"elementor-button-icon\">\n\t\t\t\t<svg aria-hidden=\"true\" class=\"e-font-icon-svg e-fas-long-arrow-alt-right\" viewBox=\"0 0 448 512\" xmlns=\"http:\/\/www.w3.org\/2000\/svg\"><path d=\"M313.941 216H12c-6.627 0-12 5.373-12 12v56c0 6.627 5.373 12 12 12h301.941v46.059c0 21.382 25.851 32.09 40.971 16.971l86.059-86.059c9.373-9.373 9.373-24.569 0-33.941l-86.059-86.059c-15.119-15.119-40.971-4.411-40.971 16.971V216z\"><\/path><\/svg>\t\t\t<\/span>\n\t\t\t\t\t\t\t\t\t<span class=\"elementor-button-text\">Ver caso completo<\/span>\n\t\t\t\t\t<\/span>\n\t\t\t\t\t<\/a>\n\t\t\t\t\t\t\t\t<\/div>\n\t\t\t\t<\/div>\n\t\t\t\t<\/div>\n\t\t<div class=\"elementor-element elementor-element-cb05e39 e-con-full e-flex e-con e-child\" data-id=\"cb05e39\" data-element_type=\"container\" data-e-type=\"container\">\n\t\t\t\t<div class=\"elementor-element elementor-element-9c41d88 elementor-widget elementor-widget-image\" data-id=\"9c41d88\" data-element_type=\"widget\" data-e-type=\"widget\" data-widget_type=\"image.default\">\n\t\t\t\t\t\t\t\t\t\t\t\t\t\t\t<img loading=\"lazy\" decoding=\"async\" width=\"800\" height=\"591\" src=\"https:\/\/hpsolutions.pro\/wp-content\/uploads\/2026\/04\/image-36-7-1024x757.png\" class=\"attachment-large size-large wp-image-3723\" alt=\"\" srcset=\"https:\/\/hpsolutions.pro\/wp-content\/uploads\/2026\/04\/image-36-7-1024x757.png 1024w, https:\/\/hpsolutions.pro\/wp-content\/uploads\/2026\/04\/image-36-7-300x222.png 300w, https:\/\/hpsolutions.pro\/wp-content\/uploads\/2026\/04\/image-36-7-768x567.png 768w, https:\/\/hpsolutions.pro\/wp-content\/uploads\/2026\/04\/image-36-7.png 1080w\" sizes=\"(max-width: 800px) 100vw, 800px\" \/>\t\t\t\t\t\t\t\t\t\t\t\t\t\t\t<\/div>\n\t\t\t\t<div class=\"elementor-element elementor-element-9469e48 elementor-widget__width-auto elementor-absolute elementor-widget elementor-widget-heading\" data-id=\"9469e48\" data-element_type=\"widget\" data-e-type=\"widget\" data-settings=\"{&quot;_position&quot;:&quot;absolute&quot;}\" data-widget_type=\"heading.default\">\n\t\t\t\t\t<span class=\"elementor-heading-title elementor-size-default\">Energ\u00eda<\/span>\t\t\t\t<\/div>\n\t\t<div class=\"elementor-element elementor-element-abfb4e6 e-con-full e-flex e-con e-child\" data-id=\"abfb4e6\" data-element_type=\"container\" data-e-type=\"container\">\n\t\t\t\t<div class=\"elementor-element elementor-element-9679b10 elementor-widget elementor-widget-heading\" data-id=\"9679b10\" data-element_type=\"widget\" data-e-type=\"widget\" data-widget_type=\"heading.default\">\n\t\t\t\t\t<h4 class=\"elementor-heading-title elementor-size-default\">PEGOP<\/h4>\t\t\t\t<\/div>\n\t\t\t\t<div class=\"elementor-element elementor-element-98fbe36 elementor-widget elementor-widget-heading\" data-id=\"98fbe36\" data-element_type=\"widget\" data-e-type=\"widget\" data-widget_type=\"heading.default\">\n\t\t\t\t\t<h4 class=\"elementor-heading-title elementor-size-default\">C\u00e1lculo Volum\u00e9trico de Vertederos<\/h4>\t\t\t\t<\/div>\n\t\t\t\t<div class=\"elementor-element elementor-element-22ce7c4 elementor-widget elementor-widget-text-editor\" data-id=\"22ce7c4\" data-element_type=\"widget\" data-e-type=\"widget\" data-widget_type=\"text-editor.default\">\n\t\t\t\t\t\t\t\t\t<p>PEGOP buscaba optimizar sus procesos de c\u00e1lculo volum\u00e9trico para la gesti\u00f3n de vertederos. HPSOLUTIONS implement\u00f3 una soluci\u00f3n&#8230; <\/p>\t\t\t\t\t\t\t\t<\/div>\n\t\t\t\t<div class=\"elementor-element elementor-element-b49d7e5 elementor-widget elementor-widget-button\" data-id=\"b49d7e5\" data-element_type=\"widget\" data-e-type=\"widget\" data-widget_type=\"button.default\">\n\t\t\t\t\t\t\t\t\t\t<a class=\"elementor-button elementor-button-link elementor-size-sm\" href=\"https:\/\/hpsolutions.pro\/es\/casos-de-exito\/pegop\/\">\n\t\t\t\t\t\t<span class=\"elementor-button-content-wrapper\">\n\t\t\t\t\t\t<span class=\"elementor-button-icon\">\n\t\t\t\t<svg aria-hidden=\"true\" class=\"e-font-icon-svg e-fas-long-arrow-alt-right\" viewBox=\"0 0 448 512\" xmlns=\"http:\/\/www.w3.org\/2000\/svg\"><path d=\"M313.941 216H12c-6.627 0-12 5.373-12 12v56c0 6.627 5.373 12 12 12h301.941v46.059c0 21.382 25.851 32.09 40.971 16.971l86.059-86.059c9.373-9.373 9.373-24.569 0-33.941l-86.059-86.059c-15.119-15.119-40.971-4.411-40.971 16.971V216z\"><\/path><\/svg>\t\t\t<\/span>\n\t\t\t\t\t\t\t\t\t<span class=\"elementor-button-text\">Ver caso completo<\/span>\n\t\t\t\t\t<\/span>\n\t\t\t\t\t<\/a>\n\t\t\t\t\t\t\t\t<\/div>\n\t\t\t\t<\/div>\n\t\t\t\t<\/div>\n\t\t\t\t\t<\/div>\n\t\t\t\t<\/div>\n\t\t\t\t<\/div>\n\t\t","protected":false},"excerpt":{"rendered":"<p>Casos de \u00e9xito Conozca en detalle c\u00f3mo ayudamos a nuestros clientes a lograr resultados extraordinarios con nuestras soluciones de drones. Energ\u00eda EDP Inspecci\u00f3n de l\u00edneas el\u00e9ctricas EDP se enfrentaba al reto de inspeccionar miles de kil\u00f3metros de l\u00edneas el\u00e9ctricas de distribuci\u00f3n de forma eficiente&#8230; Ver caso completo Log\u00edstica Sugal Group Recuento automatizado de stock Sugal [&hellip;]<\/p>\n","protected":false},"author":2,"featured_media":0,"parent":0,"menu_order":0,"comment_status":"closed","ping_status":"closed","template":"","meta":{"footnotes":""},"class_list":["post-3213","page","type-page","status-publish","hentry"],"_links":{"self":[{"href":"https:\/\/hpsolutions.pro\/es\/wp-json\/wp\/v2\/pages\/3213","targetHints":{"allow":["GET"]}}],"collection":[{"href":"https:\/\/hpsolutions.pro\/es\/wp-json\/wp\/v2\/pages"}],"about":[{"href":"https:\/\/hpsolutions.pro\/es\/wp-json\/wp\/v2\/types\/page"}],"author":[{"embeddable":true,"href":"https:\/\/hpsolutions.pro\/es\/wp-json\/wp\/v2\/users\/2"}],"replies":[{"embeddable":true,"href":"https:\/\/hpsolutions.pro\/es\/wp-json\/wp\/v2\/comments?post=3213"}],"version-history":[{"count":3,"href":"https:\/\/hpsolutions.pro\/es\/wp-json\/wp\/v2\/pages\/3213\/revisions"}],"predecessor-version":[{"id":3724,"href":"https:\/\/hpsolutions.pro\/es\/wp-json\/wp\/v2\/pages\/3213\/revisions\/3724"}],"wp:attachment":[{"href":"https:\/\/hpsolutions.pro\/es\/wp-json\/wp\/v2\/media?parent=3213"}],"curies":[{"name":"wp","href":"https:\/\/api.w.org\/{rel}","templated":true}]}}